{"id":2254,"date":"2018-07-30T01:14:03","date_gmt":"2018-07-29T23:14:03","guid":{"rendered":"https:\/\/ideatec.weeb.agency\/politique-de-confidentialite\/"},"modified":"2018-12-13T16:22:32","modified_gmt":"2018-12-13T15:22:32","slug":"politique-de-confidentialite","status":"publish","type":"page","link":"https:\/\/old.ideatec.be\/de\/politique-de-confidentialite\/","title":{"rendered":"Datenschutzerkl\u00e4rung"},"content":{"rendered":"<section class=\"wpb-content-wrapper\"><p>[vc_row][vc_column width=&#8220;1\/4&#8243;]<a href=\"\/de\/mentions-legales\/\" title=\"Link\"  data-id=\"mpc_button-1669e2fff727ede\" class=\"mpc-button mpc-init mpc-transition mpc-typography--mpc_preset_5 \" ><div class=\"mpc-button__content mpc-effect-type--stay mpc-effect-side--right\"><span class=\"mpc-button__title mpc-transition\">RECHTLICHE INFORMATIONEN<\/span><i class=\"mpc-button__icon mpc-transition  fa fa-angle-right\"><\/i><\/div><div class=\"mpc-button__background mpc-transition mpc-effect-type--fade mpc-effect-side--in\"><\/div><\/a><a href=\"\/de\/politique-de-confidentialite\/\" title=\"Link\"  data-id=\"mpc_button-6169e2fff727f91\" class=\"mpc-button mpc-init mpc-transition mpc-typography--mpc_preset_5 \" ><div class=\"mpc-button__content mpc-effect-type--stay mpc-effect-side--right\"><span class=\"mpc-button__title mpc-transition\">Datenschutzerkl\u00e4rung<\/span><i class=\"mpc-button__icon mpc-transition  fa fa-angle-right\"><\/i><\/div><div class=\"mpc-button__background mpc-transition mpc-effect-type--fade mpc-effect-side--in\"><\/div><\/a><a href=\"\/de\/conditions-generales-de-vente\/\" title=\"Link\"  data-id=\"mpc_button-8069e2fff727ff7\" class=\"mpc-button mpc-init mpc-transition mpc-typography--mpc_preset_5 \" ><div class=\"mpc-button__content mpc-effect-type--stay mpc-effect-side--right\"><span class=\"mpc-button__title mpc-transition\">CGV<\/span><i class=\"mpc-button__icon mpc-transition  fa fa-angle-right\"><\/i><\/div><div class=\"mpc-button__background mpc-transition mpc-effect-type--fade mpc-effect-side--in\"><\/div><\/a>[\/vc_column][vc_column width=&#8220;3\/4&#8243;]<div id=\"mpc_accordion-4169e2fff72809b\" class=\"mpc-accordion mpc-init mpc-transition mpc-accordion--indent mpc-accordion--indent \" ><ul class=\"mpc-accordion__content\"><li class=\"mpc-accordion__item \"><div class=\"mpc-accordion-item__heading mpc-transition mpc-active mpc-typography--mpc_preset_5\"><div data-id=\"mpc_icon-9869e2fff72807b\" class=\"mpc-icon mpc-init mpc-transition mpc-effect-fade mpc-icon-hover \"><div class=\"mpc-icon-wrap\"><i class=\"mpc-icon-part mpc-regular mpc-transition  eti eti_arrow_carrot-right_alt2\"><\/i><i class=\"mpc-icon-part mpc-hover mpc-transition  eti eti_arrow_carrot-down_alt2\"><\/i><\/div><\/div><h3>Ma\u00dfnahmen von IDEATEC betreffend den Schutz personenbezogener Daten.<\/h3><\/div><div class=\"mpc-accordion-item__content mpc-container\"  data-active=\"true\"><div class=\"mpc-accordion-item__indent\"><div data-id=\"mpc_icon-9869e2fff72807b\" class=\"mpc-icon mpc-init mpc-transition mpc-effect-fade mpc-icon-hover \"><div class=\"mpc-icon-wrap\"><i class=\"mpc-icon-part mpc-regular mpc-transition  eti eti_arrow_carrot-right_alt2\"><\/i><i class=\"mpc-icon-part mpc-hover mpc-transition  eti eti_arrow_carrot-down_alt2\"><\/i><\/div><\/div><\/div><div class=\"mpc-accordion-item__wrapper mpc-typography--mpc_preset_5\">[vc_column_text]<\/p>\n<p style=\"text-align: justify;\">IDEATEC S.A. misst dem Schutz Ihres Privatlebens sowie Ihrer personenbezogenen Daten gro\u00dfe Bedeutung zu. Diese werden von nun an gem\u00e4\u00df den belgischen und europ\u00e4ischen Vorschriften, darunter das Gesetz vom 8. Dezember 1992 \u00fcber den Schutz des Privatlebens hinsichtlich der Verarbeitung personenbezogener Daten sowie die Datenschutz-Grundverordnung (Nr. 2016\/679), mit gr\u00f6\u00dftm\u00f6glicher Sorgfalt verarbeitet und gesch\u00fctzt.<\/p>\n<p style=\"text-align: justify;\">Besuchern unserer Website, Kunden, Lieferanten oder sonstigen Partnern soll die vorliegende Datenschutzerkl\u00e4rung klare Informationen \u00fcber die Art und Weise, wie Ihre personenbezogenen Daten von unserem Unternehmen gesammelt und verarbeitet werden, Ihre diesbez\u00fcglichen Rechte und die \u00dcberpr\u00fcfungen, mit denen der Datenschutz gew\u00e4hrleistet werden soll, bieten.<\/p>\n<p style=\"text-align: justify;\">Die vorliegende Datenschutzerkl\u00e4rung kann jederzeit abge\u00e4ndert werden. Die derzeit anwendbare Version der Datenschutzerkl\u00e4rung kann jederzeit auf der Website www.ideatec.be eingesehen werden.<\/p>\n<p>[\/vc_column_text]<\/div><\/div><\/li><li class=\"mpc-accordion__item \"><div class=\"mpc-accordion-item__heading mpc-transition mpc-typography--mpc_preset_5\"><div data-id=\"mpc_icon-9869e2fff72807b\" class=\"mpc-icon mpc-init mpc-transition mpc-effect-fade mpc-icon-hover \"><div class=\"mpc-icon-wrap\"><i class=\"mpc-icon-part mpc-regular mpc-transition  eti eti_arrow_carrot-right_alt2\"><\/i><i class=\"mpc-icon-part mpc-hover mpc-transition  eti eti_arrow_carrot-down_alt2\"><\/i><\/div><\/div><h3>1. Wer verarbeitet Ihre Daten?<\/h3><\/div><div class=\"mpc-accordion-item__content mpc-container\" ><div class=\"mpc-accordion-item__indent\"><div data-id=\"mpc_icon-9869e2fff72807b\" class=\"mpc-icon mpc-init mpc-transition mpc-effect-fade mpc-icon-hover \"><div class=\"mpc-icon-wrap\"><i class=\"mpc-icon-part mpc-regular mpc-transition  eti eti_arrow_carrot-right_alt2\"><\/i><i class=\"mpc-icon-part mpc-hover mpc-transition  eti eti_arrow_carrot-down_alt2\"><\/i><\/div><\/div><\/div><div class=\"mpc-accordion-item__wrapper mpc-typography--mpc_preset_5\">[vc_column_text]Verantwortlich f\u00fcr die Verarbeitung der Sie betreffenden personenbezogenen Daten, die beispielsweise \u00fcber die Website erhoben werden, ist das Unternehmen IDEATEC S.A., im Folgenden \u201eunser Unternehmen\u201c oder \u201ewir\u201c genannt.<\/p>\n<p>Adresse\/Unternehmenssitz: Rue L\u00e9opold G\u00e9nicot 19a \u2013 5380 Fernelmont (Belgien)<\/p>\n<p>Unternehmensnummer: 0460.041.405[\/vc_column_text]<\/div><\/div><\/li><li class=\"mpc-accordion__item \"><div class=\"mpc-accordion-item__heading mpc-transition mpc-typography--mpc_preset_5\"><div data-id=\"mpc_icon-9869e2fff72807b\" class=\"mpc-icon mpc-init mpc-transition mpc-effect-fade mpc-icon-hover \"><div class=\"mpc-icon-wrap\"><i class=\"mpc-icon-part mpc-regular mpc-transition  eti eti_arrow_carrot-right_alt2\"><\/i><i class=\"mpc-icon-part mpc-hover mpc-transition  eti eti_arrow_carrot-down_alt2\"><\/i><\/div><\/div><h3>2. Welche personenbezogenen Daten werden von uns gesammelt und auf welche Weise?<\/h3><\/div><div class=\"mpc-accordion-item__content mpc-container\" ><div class=\"mpc-accordion-item__indent\"><div data-id=\"mpc_icon-9869e2fff72807b\" class=\"mpc-icon mpc-init mpc-transition mpc-effect-fade mpc-icon-hover \"><div class=\"mpc-icon-wrap\"><i class=\"mpc-icon-part mpc-regular mpc-transition  eti eti_arrow_carrot-right_alt2\"><\/i><i class=\"mpc-icon-part mpc-hover mpc-transition  eti eti_arrow_carrot-down_alt2\"><\/i><\/div><\/div><\/div><div class=\"mpc-accordion-item__wrapper mpc-typography--mpc_preset_5\">[vc_column_text]<\/p>\n<p style=\"text-align: left;\"><strong><u>Daten, die Sie uns freiwillig bekanntgeben<\/u><\/strong><\/p>\n<p style=\"text-align: justify;\">Unser Unternehmen verarbeitet die Sie betreffenden personenbezogenen Daten nach dem Bezug unserer Leistungen, bei Aufgabe einer Bestellung, im Rahmen einer Kontaktanfrage, anl\u00e4sslich der Anmeldung zum Newsletter oder der Anlegung eines Nutzerkontos in unserem Kundenbereich sowie infolge von Untersuchungen oder Beschwerden sowohl in Papier- als auch in elektronischer Form.<\/p>\n<p style=\"text-align: justify;\">Dabei kann es sich entweder um pers\u00f6nliche Daten (Name, Vorname), Kontaktdaten (E-Mail-Adresse, Telefon- oder Handynummer), berufliche Angaben (Beruf, Name und Funktion im Unternehmen usw.) oder um technische Daten in Verbindung mit dem Kundenbereich (Benutzername, Passwort) sowie sonstige Daten (Anmerkungen, Vorschl\u00e4ge, Bewertungen oder sonstiges Feedback, Texte, Bilder, Lebensl\u00e4ufe usw.) handeln.<\/p>\n<p style=\"text-align: left;\"><strong><u>Sie betreffende Informationen, die wir indirekt erhalten.<\/u><\/strong><\/p>\n<p style=\"text-align: justify;\">Andere Sie betreffende Informationen werden indirekt erhoben, wenn Sie die Website unseres Unternehmens aufrufen. Diese Informationen sind von einem technischen Standpunkt aus gesehen n\u00f6tig, um den reibungslosen Betrieb unserer Website zu gew\u00e4hrleisten und das individuelle Surferlebnis verbessern zu k\u00f6nnen.<\/p>\n<p style=\"text-align: left;\">In diesem Zusammenhang werden folgende personenbezogene Daten verarbeitet:<\/p>\n<ul>\n<li style=\"text-align: left;\">Zu Verbindungszwecken werden \u00fcber Cookies technische Informationen in Zusammenhang mit dem Surfverhalten auf unseren Websites erhoben.<\/li>\n<\/ul>\n<p>[\/vc_column_text]<\/div><\/div><\/li><li class=\"mpc-accordion__item \"><div class=\"mpc-accordion-item__heading mpc-transition mpc-typography--mpc_preset_5\"><div data-id=\"mpc_icon-9869e2fff72807b\" class=\"mpc-icon mpc-init mpc-transition mpc-effect-fade mpc-icon-hover \"><div class=\"mpc-icon-wrap\"><i class=\"mpc-icon-part mpc-regular mpc-transition  eti eti_arrow_carrot-right_alt2\"><\/i><i class=\"mpc-icon-part mpc-hover mpc-transition  eti eti_arrow_carrot-down_alt2\"><\/i><\/div><\/div><h3>3. Aus welchen Gr\u00fcnden verarbeiten wir Ihre personenbezogenen Daten?<\/h3><\/div><div class=\"mpc-accordion-item__content mpc-container\" ><div class=\"mpc-accordion-item__indent\"><div data-id=\"mpc_icon-9869e2fff72807b\" class=\"mpc-icon mpc-init mpc-transition mpc-effect-fade mpc-icon-hover \"><div class=\"mpc-icon-wrap\"><i class=\"mpc-icon-part mpc-regular mpc-transition  eti eti_arrow_carrot-right_alt2\"><\/i><i class=\"mpc-icon-part mpc-hover mpc-transition  eti eti_arrow_carrot-down_alt2\"><\/i><\/div><\/div><\/div><div class=\"mpc-accordion-item__wrapper mpc-typography--mpc_preset_5\">[vc_column_text]<\/p>\n<p style=\"text-align: justify;\">Unser Unternehmen verarbeitet Ihre Daten nur mit Ihrer Zustimmung oder wenn dies aufgrund einer g\u00fcltigen Rechtsgrundlage erforderlich ist, wie beispielsweise f\u00fcr die Erf\u00fcllung einer gesetzlichen Verpflichtung, eines Vertrags oder der damit in Zusammenhang stehenden Anforderungen sowie aufgrund von berechtigten Interessen unseres Unternehmens oder eines Dritten, wobei die Verarbeitung zu folgenden Zwecken erfolgt:<\/p>\n<ul>\n<li>Verwaltung von Vertr\u00e4gen mit Kunden, Lieferanten und sonstigen Partnern, diesbez\u00fcgliche administrative T\u00e4tigkeiten einschlie\u00dflich Buchhaltung und Steuerangelegenheiten, Verwaltung der Bestellungen, \u00dcberwachung von Vertr\u00e4gen und Rechnungsstellung, Beantwortung der Anfragen von Kunden und Lieferanten;<\/li>\n<li>Verbesserung von Surferlebnis und Benutzerfreundlichkeit, Optimierung der Website und ihrer Funktionen sowie des Kundenbereichs (Warenr\u00fccksendungen, Download der Dokumentationsunterlagen, Anlegung und Personalisierung von Nutzerprofilen usw.);<\/li>\n<li>Zu Werbezwecken, darunter gezielter oder gelegentlicher Versand von Newslettern oder Einladungen auf elektronischem Weg und\/oder per Post, damit das berechtigte Interesse unseres Unternehmens, seine Dienste bei seinen (derzeitigen oder zuk\u00fcnftigen) Kunden und seinen (derzeitigen oder zuk\u00fcnftigen) Partnern zu bewerben, gewahrt bleibt;<\/li>\n<li>Erstellung von Studien, Statistiken oder Umfragen im Hinblick auf die kontinuierliche Verbesserung unserer Produkte und Leistungen sowie unserer Website und im Hinblick auf eine Optimierung unserer Strategie im Allgemeinen sowie unserer Verkaufs- und Marketingstrategie;<\/li>\n<li>Schutz unserer Produkte und Leistungen sowie unserer Website;<\/li>\n<li>Einhaltung aller f\u00fcr unser Unternehmen geltenden gesetzlichen Bestimmungen.<\/li>\n<\/ul>\n<p>[\/vc_column_text]<\/div><\/div><\/li><li class=\"mpc-accordion__item \"><div class=\"mpc-accordion-item__heading mpc-transition mpc-typography--mpc_preset_5\"><div data-id=\"mpc_icon-9869e2fff72807b\" class=\"mpc-icon mpc-init mpc-transition mpc-effect-fade mpc-icon-hover \"><div class=\"mpc-icon-wrap\"><i class=\"mpc-icon-part mpc-regular mpc-transition  eti eti_arrow_carrot-right_alt2\"><\/i><i class=\"mpc-icon-part mpc-hover mpc-transition  eti eti_arrow_carrot-down_alt2\"><\/i><\/div><\/div><h3>4. Wie lange werden Ihre personenbezogenen Daten von uns aufbewahrt?<\/h3><\/div><div class=\"mpc-accordion-item__content mpc-container\" ><div class=\"mpc-accordion-item__indent\"><div data-id=\"mpc_icon-9869e2fff72807b\" class=\"mpc-icon mpc-init mpc-transition mpc-effect-fade mpc-icon-hover \"><div class=\"mpc-icon-wrap\"><i class=\"mpc-icon-part mpc-regular mpc-transition  eti eti_arrow_carrot-right_alt2\"><\/i><i class=\"mpc-icon-part mpc-hover mpc-transition  eti eti_arrow_carrot-down_alt2\"><\/i><\/div><\/div><\/div><div class=\"mpc-accordion-item__wrapper mpc-typography--mpc_preset_5\">[vc_column_text]<\/p>\n<p style=\"text-align: justify;\">Diese Daten werden nach Abschluss des letzten Auftrags, mit dem Sie uns betraut haben, noch f\u00fcnf Jahre gespeichert.<\/p>\n<p style=\"text-align: justify;\">Gegebenenfalls werden Ihre Daten, sofern erforderlich, im Rahmen der Verwaltung Ihrer Bewerbungsunterlagen verarbeitet, wenn Sie sich f\u00fcr eine Stelle in unserem Unternehmen bewerben. Wenn Ihre Bewerbung nicht erfolgreich war, werden Ihre Daten innerhalb von sechs Monaten nach Abschluss des Bewerbungsprozesses gel\u00f6scht.<\/p>\n<p style=\"text-align: justify;\">Sollte die Verarbeitung nur auf Grundlage Ihrer Zustimmung erfolgen, k\u00f6nnen Sie diese Zustimmung jederzeit widerrufen, indem Sie einen schriftlichen Antrag bei IDEATEC S.A. stellen, ohne dass die Zul\u00e4ssigkeit der vor dem Widerruf der Zustimmung erfolgten Verarbeitung dadurch beeintr\u00e4chtigt w\u00fcrde. Ihre Daten werden gespeichert, solange Sie Ihre Zustimmung dazu nicht widerrufen.<\/p>\n<p>[\/vc_column_text]<\/div><\/div><\/li><li class=\"mpc-accordion__item \"><div class=\"mpc-accordion-item__heading mpc-transition mpc-typography--mpc_preset_5\"><div data-id=\"mpc_icon-9869e2fff72807b\" class=\"mpc-icon mpc-init mpc-transition mpc-effect-fade mpc-icon-hover \"><div class=\"mpc-icon-wrap\"><i class=\"mpc-icon-part mpc-regular mpc-transition  eti eti_arrow_carrot-right_alt2\"><\/i><i class=\"mpc-icon-part mpc-hover mpc-transition  eti eti_arrow_carrot-down_alt2\"><\/i><\/div><\/div><h3>5. An wen k\u00f6nnen Ihre personenbezogenen Daten \u00fcbermittelt werden?<\/h3><\/div><div class=\"mpc-accordion-item__content mpc-container\" ><div class=\"mpc-accordion-item__indent\"><div data-id=\"mpc_icon-9869e2fff72807b\" class=\"mpc-icon mpc-init mpc-transition mpc-effect-fade mpc-icon-hover \"><div class=\"mpc-icon-wrap\"><i class=\"mpc-icon-part mpc-regular mpc-transition  eti eti_arrow_carrot-right_alt2\"><\/i><i class=\"mpc-icon-part mpc-hover mpc-transition  eti eti_arrow_carrot-down_alt2\"><\/i><\/div><\/div><\/div><div class=\"mpc-accordion-item__wrapper mpc-typography--mpc_preset_5\">[vc_column_text]Ihre Daten werden ausschlie\u00dflich an die im Folgenden angef\u00fchrten Empf\u00e4nger und zu den im Folgenden genannten Zwecken \u00fcbermittelt:<\/p>\n<ul>\n<li>An die Subunternehmer, die mit allen Angelegenheiten betreffend unsere IT-Infrastruktur, unser Verwaltungsprogramm, die Erstellung und Wartung unserer Website sowie unseres Extranets betraut sind, soweit dies f\u00fcr die Ausf\u00fchrung des jeweiligen Auftrags erforderlich ist;<\/li>\n<li>In gesetzlich vorgesehenen F\u00e4llen, infolge einer aus einem Regelungs- oder Gerichtsverfahren entstandenen Verpflichtung oder auf Anfrage der Legislativ- oder Justizbeh\u00f6rden;<\/li>\n<\/ul>\n<p>[\/vc_column_text]<\/div><\/div><\/li><li class=\"mpc-accordion__item \"><div class=\"mpc-accordion-item__heading mpc-transition mpc-typography--mpc_preset_5\"><div data-id=\"mpc_icon-9869e2fff72807b\" class=\"mpc-icon mpc-init mpc-transition mpc-effect-fade mpc-icon-hover \"><div class=\"mpc-icon-wrap\"><i class=\"mpc-icon-part mpc-regular mpc-transition  eti eti_arrow_carrot-right_alt2\"><\/i><i class=\"mpc-icon-part mpc-hover mpc-transition  eti eti_arrow_carrot-down_alt2\"><\/i><\/div><\/div><h3>6. Welche Rechte haben Sie?<\/h3><\/div><div class=\"mpc-accordion-item__content mpc-container\" ><div class=\"mpc-accordion-item__indent\"><div data-id=\"mpc_icon-9869e2fff72807b\" class=\"mpc-icon mpc-init mpc-transition mpc-effect-fade mpc-icon-hover \"><div class=\"mpc-icon-wrap\"><i class=\"mpc-icon-part mpc-regular mpc-transition  eti eti_arrow_carrot-right_alt2\"><\/i><i class=\"mpc-icon-part mpc-hover mpc-transition  eti eti_arrow_carrot-down_alt2\"><\/i><\/div><\/div><\/div><div class=\"mpc-accordion-item__wrapper mpc-typography--mpc_preset_5\">[vc_column_text]<\/p>\n<p style=\"text-align: justify;\">Auf schriftliche Anfrage (auch im elektronischen Format), welche datiert, unterzeichnet und an den Verantwortlichen f\u00fcr die Datenverarbeitung \u00fcbermittelt werden muss, sowie Nachweis Ihrer Identit\u00e4t stellt IDEATEC S.A. innerhalb von 30 Tagen eine kostenlose Kopie der Sie betreffenden personenbezogenen Daten (auf Wunsch im elektronischen Format) aus oder ordnet gegebenenfalls eine Berichtigung oder L\u00f6schung von unrichtigen, unvollst\u00e4ndigen bzw. nicht erheblichen Daten oder eine Einschr\u00e4nkung der Verarbeitung an. Au\u00dferdem haben Sie ein Recht auf Daten\u00fcbertragbarkeit (\u00dcbertragung an einen anderen Verantwortlichen f\u00fcr die Datenverarbeitung). Nach Ablauf dieser 30-t\u00e4gigen Frist k\u00f6nnen Sie davon ausgehen, dass Ihr Antrag abgelehnt wurde.<\/p>\n<p>[\/vc_column_text]<\/div><\/div><\/li><li class=\"mpc-accordion__item \"><div class=\"mpc-accordion-item__heading mpc-transition mpc-typography--mpc_preset_5\"><div data-id=\"mpc_icon-9869e2fff72807b\" class=\"mpc-icon mpc-init mpc-transition mpc-effect-fade mpc-icon-hover \"><div class=\"mpc-icon-wrap\"><i class=\"mpc-icon-part mpc-regular mpc-transition  eti eti_arrow_carrot-right_alt2\"><\/i><i class=\"mpc-icon-part mpc-hover mpc-transition  eti eti_arrow_carrot-down_alt2\"><\/i><\/div><\/div><h3>7. Wie k\u00f6nnen Sie Ihre Rechte bei IDEATEC geltend machen?<\/h3><\/div><div class=\"mpc-accordion-item__content mpc-container\" ><div class=\"mpc-accordion-item__indent\"><div data-id=\"mpc_icon-9869e2fff72807b\" class=\"mpc-icon mpc-init mpc-transition mpc-effect-fade mpc-icon-hover \"><div class=\"mpc-icon-wrap\"><i class=\"mpc-icon-part mpc-regular mpc-transition  eti eti_arrow_carrot-right_alt2\"><\/i><i class=\"mpc-icon-part mpc-hover mpc-transition  eti eti_arrow_carrot-down_alt2\"><\/i><\/div><\/div><\/div><div class=\"mpc-accordion-item__wrapper mpc-typography--mpc_preset_5\">[vc_column_text]<\/p>\n<p style=\"text-align: justify;\">Sollten Sie zu irgendeinem Zeitpunkt das Gef\u00fchl haben, dass wir Ihr Privatleben nicht achten, senden Sie bitte ein Schreiben an unsere Postanschrift oder eine E-Mail an info@ideatec.be. Wir werden alles daran setzen, das Problem aufzusp\u00fcren und zu l\u00f6sen.<\/p>\n<p>[\/vc_column_text]<\/div><\/div><\/li><li class=\"mpc-accordion__item \"><div class=\"mpc-accordion-item__heading mpc-transition mpc-typography--mpc_preset_5\"><div data-id=\"mpc_icon-9869e2fff72807b\" class=\"mpc-icon mpc-init mpc-transition mpc-effect-fade mpc-icon-hover \"><div class=\"mpc-icon-wrap\"><i class=\"mpc-icon-part mpc-regular mpc-transition  eti eti_arrow_carrot-right_alt2\"><\/i><i class=\"mpc-icon-part mpc-hover mpc-transition  eti eti_arrow_carrot-down_alt2\"><\/i><\/div><\/div><h3>8. Wie k\u00f6nnen Sie Ihre Rechte bei den Beh\u00f6rden geltend machen?<\/h3><\/div><div class=\"mpc-accordion-item__content mpc-container\" ><div class=\"mpc-accordion-item__indent\"><div data-id=\"mpc_icon-9869e2fff72807b\" class=\"mpc-icon mpc-init mpc-transition mpc-effect-fade mpc-icon-hover \"><div class=\"mpc-icon-wrap\"><i class=\"mpc-icon-part mpc-regular mpc-transition  eti eti_arrow_carrot-right_alt2\"><\/i><i class=\"mpc-icon-part mpc-hover mpc-transition  eti eti_arrow_carrot-down_alt2\"><\/i><\/div><\/div><\/div><div class=\"mpc-accordion-item__wrapper mpc-typography--mpc_preset_5\">[vc_column_text]<\/p>\n<p style=\"text-align: justify;\">Sollten Sie zus\u00e4tzliche Informationen ben\u00f6tigen oder eine Beschwerde einreichen wollen, k\u00f6nnen Sie sich an die Datenschutzaufsichtsbeh\u00f6rde\/den Ausschuss f\u00fcr den Schutz des Privatlebens wenden:<\/p>\n<p>Adresse: Rue de la Presse 35 \u2013 1000 Br\u00fcssel (Belgien)<\/p>\n<p>Telefon: + 32 2 274 48 00<\/p>\n<p>E-Mail: <a href=\"mailto:commission@privacycommission.be\">commission@privacycommission.be<\/a>[\/vc_column_text]<\/div><\/div><\/li><\/ul><\/div>[\/vc_column][\/vc_row]<\/p>\n<\/section>","protected":false},"excerpt":{"rendered":"<p>[vc_row][vc_column width=&#8220;1\/4&#8243;][\/vc_column][vc_column width=&#8220;3\/4&#8243;][\/vc_column][\/vc_row]<\/p>\n","protected":false},"author":1,"featured_media":0,"parent":0,"menu_order":0,"comment_status":"closed","ping_status":"open","template":"","meta":{"footnotes":""},"yoast_head":"<!-- This site is optimized with the Yoast SEO plugin v20.13 - https:\/\/yoast.com\/wordpress\/plugins\/seo\/ -->\n<title>Datenschutzerkl\u00e4rung - Ideatec<\/title>\n<meta name=\"robots\" content=\"noindex, follow, max-snippet:-1, max-image-preview:large, max-video-preview:-1\" \/>\n<meta property=\"og:locale\" content=\"de_DE\" \/>\n<meta property=\"og:type\" content=\"article\" \/>\n<meta property=\"og:title\" content=\"Datenschutzerkl\u00e4rung - Ideatec\" \/>\n<meta property=\"og:description\" content=\"[vc_row][vc_column width=&#8220;1\/4&#8243;][\/vc_column][vc_column width=&#8220;3\/4&#8243;][\/vc_column][\/vc_row]\" \/>\n<meta property=\"og:url\" content=\"https:\/\/old.ideatec.be\/politique-de-confidentialite\/\" \/>\n<meta property=\"og:site_name\" content=\"Ideatec\" \/>\n<meta property=\"article:modified_time\" content=\"2018-12-13T15:22:32+00:00\" \/>\n<meta name=\"twitter:card\" content=\"summary_large_image\" \/>\n<meta name=\"twitter:label1\" content=\"Gesch\u00e4tzte Lesezeit\" \/>\n\t<meta name=\"twitter:data1\" content=\"8\u00a0Minuten\" \/>\n<script type=\"application\/ld+json\" class=\"yoast-schema-graph\">{\"@context\":\"https:\/\/schema.org\",\"@graph\":[{\"@type\":\"WebPage\",\"@id\":\"https:\/\/old.ideatec.be\/politique-de-confidentialite\/\",\"url\":\"https:\/\/old.ideatec.be\/politique-de-confidentialite\/\",\"name\":\"Datenschutzerkl\u00e4rung - Ideatec\",\"isPartOf\":{\"@id\":\"https:\/\/old.ideatec.be\/#website\"},\"datePublished\":\"2018-07-29T23:14:03+00:00\",\"dateModified\":\"2018-12-13T15:22:32+00:00\",\"breadcrumb\":{\"@id\":\"https:\/\/old.ideatec.be\/politique-de-confidentialite\/#breadcrumb\"},\"inLanguage\":\"de\",\"potentialAction\":[{\"@type\":\"ReadAction\",\"target\":[\"https:\/\/old.ideatec.be\/politique-de-confidentialite\/\"]}]},{\"@type\":\"BreadcrumbList\",\"@id\":\"https:\/\/old.ideatec.be\/politique-de-confidentialite\/#breadcrumb\",\"itemListElement\":[{\"@type\":\"ListItem\",\"position\":1,\"name\":\"Home\",\"item\":\"https:\/\/old.ideatec.be\/de\/\"},{\"@type\":\"ListItem\",\"position\":2,\"name\":\"Datenschutzerkl\u00e4rung\"}]},{\"@type\":\"WebSite\",\"@id\":\"https:\/\/old.ideatec.be\/#website\",\"url\":\"https:\/\/old.ideatec.be\/\",\"name\":\"Ideatec\",\"description\":\"Controllers made simple for you\",\"potentialAction\":[{\"@type\":\"SearchAction\",\"target\":{\"@type\":\"EntryPoint\",\"urlTemplate\":\"https:\/\/old.ideatec.be\/?s={search_term_string}\"},\"query-input\":\"required name=search_term_string\"}],\"inLanguage\":\"de\"}]}<\/script>\n<!-- \/ Yoast SEO plugin. -->","yoast_head_json":{"title":"Datenschutzerkl\u00e4rung - Ideatec","robots":{"index":"noindex","follow":"follow","max-snippet":"max-snippet:-1","max-image-preview":"max-image-preview:large","max-video-preview":"max-video-preview:-1"},"og_locale":"de_DE","og_type":"article","og_title":"Datenschutzerkl\u00e4rung - Ideatec","og_description":"[vc_row][vc_column width=&#8220;1\/4&#8243;][\/vc_column][vc_column width=&#8220;3\/4&#8243;][\/vc_column][\/vc_row]","og_url":"https:\/\/old.ideatec.be\/politique-de-confidentialite\/","og_site_name":"Ideatec","article_modified_time":"2018-12-13T15:22:32+00:00","twitter_card":"summary_large_image","twitter_misc":{"Gesch\u00e4tzte Lesezeit":"8\u00a0Minuten"},"schema":{"@context":"https:\/\/schema.org","@graph":[{"@type":"WebPage","@id":"https:\/\/old.ideatec.be\/politique-de-confidentialite\/","url":"https:\/\/old.ideatec.be\/politique-de-confidentialite\/","name":"Datenschutzerkl\u00e4rung - Ideatec","isPartOf":{"@id":"https:\/\/old.ideatec.be\/#website"},"datePublished":"2018-07-29T23:14:03+00:00","dateModified":"2018-12-13T15:22:32+00:00","breadcrumb":{"@id":"https:\/\/old.ideatec.be\/politique-de-confidentialite\/#breadcrumb"},"inLanguage":"de","potentialAction":[{"@type":"ReadAction","target":["https:\/\/old.ideatec.be\/politique-de-confidentialite\/"]}]},{"@type":"BreadcrumbList","@id":"https:\/\/old.ideatec.be\/politique-de-confidentialite\/#breadcrumb","itemListElement":[{"@type":"ListItem","position":1,"name":"Home","item":"https:\/\/old.ideatec.be\/de\/"},{"@type":"ListItem","position":2,"name":"Datenschutzerkl\u00e4rung"}]},{"@type":"WebSite","@id":"https:\/\/old.ideatec.be\/#website","url":"https:\/\/old.ideatec.be\/","name":"Ideatec","description":"Controllers made simple for you","potentialAction":[{"@type":"SearchAction","target":{"@type":"EntryPoint","urlTemplate":"https:\/\/old.ideatec.be\/?s={search_term_string}"},"query-input":"required name=search_term_string"}],"inLanguage":"de"}]}},"_links":{"self":[{"href":"https:\/\/old.ideatec.be\/de\/wp-json\/wp\/v2\/pages\/2254"}],"collection":[{"href":"https:\/\/old.ideatec.be\/de\/wp-json\/wp\/v2\/pages"}],"about":[{"href":"https:\/\/old.ideatec.be\/de\/wp-json\/wp\/v2\/types\/page"}],"author":[{"embeddable":true,"href":"https:\/\/old.ideatec.be\/de\/wp-json\/wp\/v2\/users\/1"}],"replies":[{"embeddable":true,"href":"https:\/\/old.ideatec.be\/de\/wp-json\/wp\/v2\/comments?post=2254"}],"version-history":[{"count":1,"href":"https:\/\/old.ideatec.be\/de\/wp-json\/wp\/v2\/pages\/2254\/revisions"}],"predecessor-version":[{"id":3683,"href":"https:\/\/old.ideatec.be\/de\/wp-json\/wp\/v2\/pages\/2254\/revisions\/3683"}],"wp:attachment":[{"href":"https:\/\/old.ideatec.be\/de\/wp-json\/wp\/v2\/media?parent=2254"}],"curies":[{"name":"wp","href":"https:\/\/api.w.org\/{rel}","templated":true}]}}