{"id":3225,"date":"2018-07-30T14:35:44","date_gmt":"2018-07-30T12:35:44","guid":{"rendered":"https:\/\/ideatec.weeb.agency\/notre-expertise\/"},"modified":"2020-06-19T17:46:50","modified_gmt":"2020-06-19T15:46:50","slug":"notre-expertise","status":"publish","type":"page","link":"https:\/\/old.ideatec.be\/de\/notre-expertise\/","title":{"rendered":"Unser Fachwissen"},"content":{"rendered":"<section class=\"wpb-content-wrapper\"><p>[vc_row css=&#8220;.vc_custom_1533203473666{padding-top: 50px !important;padding-bottom: 80px !important;}&#8220;][vc_column][vc_column_text]<\/p>\n<h1 style=\"text-align: center;\"><span style=\"color: #3a8865;\">IDEATEC<\/span>, VEREINFACHTE STEUERUNG!<\/h1>\n<p>[\/vc_column_text][vc_column_text css=&#8220;.vc_custom_1539690930725{padding-right: 10% !important;padding-left: 10% !important;}&#8220;]<\/p>\n<h4 style=\"text-align: center;\">Wir bei Ideatec entwickeln unser eigenes Sortiment an Produkten, die zur Steuerung aller in ausgestattete Fahrzeuge eingebauten Ger\u00e4te bestimmt sind. Unsere Leidenschaft f\u00fcr Innovation bewegt uns dazu, Ihnen immer neue Produkte mit modernster Spitzentechnik anzubieten. Sich f\u00fcr Ideatec zu entscheiden, bedeutet, den Technikern eine einfache und sichere Installation zu erm\u00f6glichen (CAN-Bus Technologie) und den Nutzern gleichzeitig maximale Ergonomie, Sicherheit und Flexibilit\u00e4t zu bieten (Fernwartung \u00fcber ClickSync). Wenn Sie dies w\u00fcnschen, k\u00f6nnen Sie die eingebauten Ger\u00e4te dank Openlink und dem Openlink Creator auch \u00fcber Ihren Bordcomputer, Ihr Tablet oder Smartphone steuern. Das ist vereinfachte Steuerung!<\/h4>\n<p>[\/vc_column_text][\/vc_column][\/vc_row][vc_row full_width=&#8220;stretch_row&#8220; gap=&#8220;30&#8243; content_placement=&#8220;middle&#8220; bg_type=&#8220;bg_color&#8220; css=&#8220;.vc_custom_1533204260445{padding-top: 50px !important;padding-bottom: 50px !important;}&#8220; bg_color_value=&#8220;#f4f4f4&#8243;][vc_column width=&#8220;1\/2&#8243;][vc_single_image image=&#8220;1831&#8243; img_size=&#8220;full&#8220; el_class=&#8220;expertise&#8220;][\/vc_column][vc_column width=&#8220;1\/2&#8243;][vc_column_text]<br \/>\n<strong>Einfache Installation<\/strong><\/p>\n<ul>\n<li>Unsere Produkte ben\u00f6tigen um bis zu <span style=\"color: #3a8866;\">75 % weniger <\/span>Steckverbindungen, wodurch die Zeit f\u00fcr die Elektroinstallation um <span style=\"color: #3a8866;\">die H\u00e4lfte<\/span> sinkt und auch das Risiko eines Wackelkontakts oder von Kurzschl\u00fcssen reduziert werden kann.<\/li>\n<li>Wir bieten verschiedene Bedienkonsolen mit Tasten oder Touchscreens an, die mit einem einzigen <span style=\"color: #3a8866;\">BUS-Kabel<\/span> an die zentrale Steuereinheit angeschlossen werden. Dadurch <span style=\"color: #3a8866;\">verringert sich<\/span> die Zeit, die f\u00fcr die Anbringung der Konsolen am Armaturenbrett der Fahrzeuge n\u00f6tig ist, betr\u00e4chtlich.<\/li>\n<li>Um die Leitungsb\u00fcndel zu vereinfachen und eine Vorverkabelung zu erm\u00f6glichen, nutzen all unsere Bedienkonsolen <span style=\"color: #3a8866;\">dieselbe Art von Kabel.<\/span><\/li>\n<li>Bei traditionellen Systemen kommen im Allgemeinen mehrere Relais zum Einsatz, um die logischen Funktionen und die Schaltzust\u00e4nde der Ausg\u00e4nge zu steuern. Im Gegensatz zu diesen Vorrichtungen kommen bei IDEATEC-Produkten ausschlie\u00dflich <span style=\"color: #3a8866;\">Halbleitervorrichtungen<\/span> zum Einsatz, die eine lange Lebensdauer und hohe Verl\u00e4sslichkeit der eingebauten Ger\u00e4te gew\u00e4hrleisten.<\/li>\n<li>Durch eine Beschr\u00e4nkung der programmierbaren Stromschnittstellen sind die in ihr Fahrzeug eingebauten Kabel bestm\u00f6glich gesch\u00fctzt.<\/li>\n<\/ul>\n<p>[\/vc_column_text][\/vc_column][\/vc_row][vc_row gap=&#8220;30&#8243; content_placement=&#8220;middle&#8220; css=&#8220;.vc_custom_1533204269422{padding-top: 50px !important;padding-bottom: 50px !important;}&#8220;][vc_column width=&#8220;1\/2&#8243;][vc_column_text]<br \/>\n<strong>Bedienkomfort und Flexibilit\u00e4t<\/strong><\/p>\n<ul>\n<li>Unsere Bedienkonsolen sind nicht nur universell einsetzbar und innovativ, sondern auch <span style=\"color: #3a8866;\">ergonomisch<\/span> und bieten den Nutzern einen optimalen Bedienkomfort.<\/li>\n<li>Die vereinfachte Steuerung ergibt sich daraus, dass Sie <span style=\"color: #3a8866;\">unsere Produkte so konfigurieren k\u00f6nnen, dass sie in jeder Lage einsetzbar sind.<\/span> So k\u00f6nnen beispielsweise Ver\u00e4nderungen bei den logischen Funktionen vorgenommen werden, ohne die Leitungsb\u00fcndel anpassen zu m\u00fcssen.<\/li>\n<li>Unsere leistungsstarke Software, auf die alle Planungsb\u00fcros und Werkstatt-Techniker Zugriff haben, erm\u00f6glicht eine <span style=\"color: #3a8866;\">einfache und schnelle Fernwartung.<\/span><\/li>\n<li>Unsere Produkte sind mit einem intelligenten, konfigurierbaren Energiemanagementsystem ausgestattet, damit Sie die Betriebsdauer Ihrer Akkus individuell steuern k\u00f6nnen.<\/li>\n<li>Dank der verschiedenen, f\u00fcr die Nutzer bestimmten Informationskan\u00e4le (Sprachhinweise, Nachrichten, akustische Signale und Vibrationen) k\u00f6nnen sich die Nutzer mit voller Aufmerksamkeit ihrer Aufgabe widmen.<\/li>\n<\/ul>\n<p>[\/vc_column_text][\/vc_column][vc_column width=&#8220;1\/2&#8243;][vc_single_image image=&#8220;854&#8243; img_size=&#8220;full&#8220; el_class=&#8220;expertise&#8220;][\/vc_column][\/vc_row][vc_row full_width=&#8220;stretch_row&#8220; gap=&#8220;30&#8243; content_placement=&#8220;middle&#8220; bg_type=&#8220;bg_color&#8220; css=&#8220;.vc_custom_1533204260445{padding-top: 50px !important;padding-bottom: 50px !important;}&#8220; bg_color_value=&#8220;#f4f4f4&#8243;][vc_column width=&#8220;1\/2&#8243;][vc_single_image image=&#8220;1733&#8243; img_size=&#8220;full&#8220; el_class=&#8220;expertise&#8220;][\/vc_column][vc_column width=&#8220;1\/2&#8243;][vc_column_text]<br \/>\n<strong>Openlink und Openlink Creator: Steuerung der eingebauten Ger\u00e4te mithilfe Ihres Bordcomputers, Tablets oder Smartphones.<\/strong><\/p>\n<ul>\n<li>Nutzen Sie s\u00e4mtliche Funktionen der Zentraleinheiten Vigilink oder GO-112 mit dem <span style=\"color: #3a8866;\">Endger\u00e4t Ihrer Wahl<\/span> in vollem Umfang.<\/li>\n<li>Der Openlink Creator bietet die M\u00f6glichkeit, mithilfe der Drag\u00a0&amp;\u00a0Drop-Funktion in k\u00fcrzester Zeit <span style=\"color: #3a8866;\">eine eigene grafische Benutzeroberfl\u00e4che<\/span> zu schaffen. Mit dem OpenLink-Protokoll k\u00f6nnen Sie auch Ihre eigenen Steuerschnittstellen anpassen.<\/li>\n<li>Es besteht auch die M\u00f6glichkeit, Ihr Endger\u00e4t oder Ihre Endger\u00e4te <span style=\"color: #3a8866;\">mit den kompatiblen Bedienkonsolen<\/span> Vigilink oder GO-112 (Bedienkonsolen mit Touchscreen und Folientastatur) zu kombinieren.<\/li>\n<\/ul>\n<p>[\/vc_column_text][\/vc_column][\/vc_row][vc_row gap=&#8220;30&#8243; content_placement=&#8220;middle&#8220; css=&#8220;.vc_custom_1533204269422{padding-top: 50px !important;padding-bottom: 50px !important;}&#8220;][vc_column width=&#8220;1\/2&#8243;][vc_column_text]<br \/>\n<strong>Mit ClickSync ist Ihr Fahrzeug stets einsatzbereit<\/strong><\/p>\n<ul>\n<li>ClickSync ist das Ergebnis unseres herausragenden <span style=\"color: #3a8866;\">Fachwissens<\/span> und einer intensiven, praxisorientierten Zusammenarbeit mit unseren Partnern seit mehr als <span style=\"color: #3a8866;\">20 Jahren.<\/span><\/li>\n<li>Dank dieses <span style=\"color: #3a8866;\">einzigartigen<\/span> Konzepts k\u00f6nnen Sie eine <span style=\"color: #3a8866;\">Ferndiagnose<\/span> stellen und Ihr Fahrzeug somit stets <span style=\"color: #3a8866;\">einsatzbereit<\/span> halten.<\/li>\n<li>Der Vorteil unseres Produkts besteht in der einfachen <span style=\"color: #3a8866;\">Austauschbarkeit und der automatischen Synchronisierung<\/span> Ihrer Konsolen und Zentraleinheiten. Sollte ein Bestandteil Ihres GO-112- oder Vigilink-Systems ausgetauscht werden m\u00fcssen, ben\u00f6tigen Sie daf\u00fcr keinen speziell geschulten Techniker.<\/li>\n<li><\/li>\n<\/ul>\n<p>[\/vc_column_text][\/vc_column][vc_column width=&#8220;1\/2&#8243;][vc_single_image image=&#8220;1709&#8243; img_size=&#8220;full&#8220; el_class=&#8220;expertise&#8220;][\/vc_column][\/vc_row]<\/p>\n<\/section>","protected":false},"excerpt":{"rendered":"<p>[vc_row css=&#8220;.vc_custom_1533203473666{padding-top: 50px !important;padding-bottom: 80px !important;}&#8220;][vc_column][vc_column_text] IDEATEC, VEREINFACHTE STEUERUNG! [\/vc_column_text][vc_column_text css=&#8220;.vc_custom_1539690930725{padding-right: 10% !important;padding-left: 10% !important;}&#8220;] Wir bei Ideatec entwickeln unser eigenes Sortiment an Produkten, die zur Steuerung aller in ausgestattete Fahrzeuge eingebauten Ger\u00e4te bestimmt sind. Unsere Leidenschaft f\u00fcr Innovation bewegt uns dazu, Ihnen immer neue Produkte mit modernster Spitzentechnik anzubieten. Sich f\u00fcr Ideatec zu entscheiden,<\/p>\n","protected":false},"author":1,"featured_media":0,"parent":0,"menu_order":0,"comment_status":"closed","ping_status":"closed","template":"","meta":{"footnotes":""},"yoast_head":"<!-- This site is optimized with the Yoast SEO plugin v20.13 - https:\/\/yoast.com\/wordpress\/plugins\/seo\/ -->\n<title>Unser Fachwissen - Ideatec<\/title>\n<meta name=\"robots\" content=\"noindex, follow, max-snippet:-1, max-image-preview:large, max-video-preview:-1\" \/>\n<meta property=\"og:locale\" content=\"de_DE\" \/>\n<meta property=\"og:type\" content=\"article\" \/>\n<meta property=\"og:title\" content=\"Unser Fachwissen - Ideatec\" \/>\n<meta property=\"og:description\" content=\"[vc_row css=&#8220;.vc_custom_1533203473666{padding-top: 50px !important;padding-bottom: 80px !important;}&#8220;][vc_column][vc_column_text] IDEATEC, VEREINFACHTE STEUERUNG! [\/vc_column_text][vc_column_text css=&#8220;.vc_custom_1539690930725{padding-right: 10% !important;padding-left: 10% !important;}&#8220;] Wir bei Ideatec entwickeln unser eigenes Sortiment an Produkten, die zur Steuerung aller in ausgestattete Fahrzeuge eingebauten Ger\u00e4te bestimmt sind. Unsere Leidenschaft f\u00fcr Innovation bewegt uns dazu, Ihnen immer neue Produkte mit modernster Spitzentechnik anzubieten. Sich f\u00fcr Ideatec zu entscheiden,\" \/>\n<meta property=\"og:url\" content=\"https:\/\/old.ideatec.be\/notre-expertise\/\" \/>\n<meta property=\"og:site_name\" content=\"Ideatec\" \/>\n<meta property=\"article:modified_time\" content=\"2020-06-19T15:46:50+00:00\" \/>\n<meta name=\"twitter:card\" content=\"summary_large_image\" \/>\n<meta name=\"twitter:label1\" content=\"Gesch\u00e4tzte Lesezeit\" \/>\n\t<meta name=\"twitter:data1\" content=\"4\u00a0Minuten\" \/>\n<script type=\"application\/ld+json\" class=\"yoast-schema-graph\">{\"@context\":\"https:\/\/schema.org\",\"@graph\":[{\"@type\":\"WebPage\",\"@id\":\"https:\/\/old.ideatec.be\/notre-expertise\/\",\"url\":\"https:\/\/old.ideatec.be\/notre-expertise\/\",\"name\":\"Unser Fachwissen - Ideatec\",\"isPartOf\":{\"@id\":\"https:\/\/old.ideatec.be\/#website\"},\"datePublished\":\"2018-07-30T12:35:44+00:00\",\"dateModified\":\"2020-06-19T15:46:50+00:00\",\"breadcrumb\":{\"@id\":\"https:\/\/old.ideatec.be\/notre-expertise\/#breadcrumb\"},\"inLanguage\":\"de\",\"potentialAction\":[{\"@type\":\"ReadAction\",\"target\":[\"https:\/\/old.ideatec.be\/notre-expertise\/\"]}]},{\"@type\":\"BreadcrumbList\",\"@id\":\"https:\/\/old.ideatec.be\/notre-expertise\/#breadcrumb\",\"itemListElement\":[{\"@type\":\"ListItem\",\"position\":1,\"name\":\"Home\",\"item\":\"https:\/\/old.ideatec.be\/de\/\"},{\"@type\":\"ListItem\",\"position\":2,\"name\":\"Unser Fachwissen\"}]},{\"@type\":\"WebSite\",\"@id\":\"https:\/\/old.ideatec.be\/#website\",\"url\":\"https:\/\/old.ideatec.be\/\",\"name\":\"Ideatec\",\"description\":\"Controllers made simple for you\",\"potentialAction\":[{\"@type\":\"SearchAction\",\"target\":{\"@type\":\"EntryPoint\",\"urlTemplate\":\"https:\/\/old.ideatec.be\/?s={search_term_string}\"},\"query-input\":\"required name=search_term_string\"}],\"inLanguage\":\"de\"}]}<\/script>\n<!-- \/ Yoast SEO plugin. -->","yoast_head_json":{"title":"Unser Fachwissen - Ideatec","robots":{"index":"noindex","follow":"follow","max-snippet":"max-snippet:-1","max-image-preview":"max-image-preview:large","max-video-preview":"max-video-preview:-1"},"og_locale":"de_DE","og_type":"article","og_title":"Unser Fachwissen - Ideatec","og_description":"[vc_row css=&#8220;.vc_custom_1533203473666{padding-top: 50px !important;padding-bottom: 80px !important;}&#8220;][vc_column][vc_column_text] IDEATEC, VEREINFACHTE STEUERUNG! [\/vc_column_text][vc_column_text css=&#8220;.vc_custom_1539690930725{padding-right: 10% !important;padding-left: 10% !important;}&#8220;] Wir bei Ideatec entwickeln unser eigenes Sortiment an Produkten, die zur Steuerung aller in ausgestattete Fahrzeuge eingebauten Ger\u00e4te bestimmt sind. Unsere Leidenschaft f\u00fcr Innovation bewegt uns dazu, Ihnen immer neue Produkte mit modernster Spitzentechnik anzubieten. Sich f\u00fcr Ideatec zu entscheiden,","og_url":"https:\/\/old.ideatec.be\/notre-expertise\/","og_site_name":"Ideatec","article_modified_time":"2020-06-19T15:46:50+00:00","twitter_card":"summary_large_image","twitter_misc":{"Gesch\u00e4tzte Lesezeit":"4\u00a0Minuten"},"schema":{"@context":"https:\/\/schema.org","@graph":[{"@type":"WebPage","@id":"https:\/\/old.ideatec.be\/notre-expertise\/","url":"https:\/\/old.ideatec.be\/notre-expertise\/","name":"Unser Fachwissen - Ideatec","isPartOf":{"@id":"https:\/\/old.ideatec.be\/#website"},"datePublished":"2018-07-30T12:35:44+00:00","dateModified":"2020-06-19T15:46:50+00:00","breadcrumb":{"@id":"https:\/\/old.ideatec.be\/notre-expertise\/#breadcrumb"},"inLanguage":"de","potentialAction":[{"@type":"ReadAction","target":["https:\/\/old.ideatec.be\/notre-expertise\/"]}]},{"@type":"BreadcrumbList","@id":"https:\/\/old.ideatec.be\/notre-expertise\/#breadcrumb","itemListElement":[{"@type":"ListItem","position":1,"name":"Home","item":"https:\/\/old.ideatec.be\/de\/"},{"@type":"ListItem","position":2,"name":"Unser Fachwissen"}]},{"@type":"WebSite","@id":"https:\/\/old.ideatec.be\/#website","url":"https:\/\/old.ideatec.be\/","name":"Ideatec","description":"Controllers made simple for you","potentialAction":[{"@type":"SearchAction","target":{"@type":"EntryPoint","urlTemplate":"https:\/\/old.ideatec.be\/?s={search_term_string}"},"query-input":"required name=search_term_string"}],"inLanguage":"de"}]}},"_links":{"self":[{"href":"https:\/\/old.ideatec.be\/de\/wp-json\/wp\/v2\/pages\/3225"}],"collection":[{"href":"https:\/\/old.ideatec.be\/de\/wp-json\/wp\/v2\/pages"}],"about":[{"href":"https:\/\/old.ideatec.be\/de\/wp-json\/wp\/v2\/types\/page"}],"author":[{"embeddable":true,"href":"https:\/\/old.ideatec.be\/de\/wp-json\/wp\/v2\/users\/1"}],"replies":[{"embeddable":true,"href":"https:\/\/old.ideatec.be\/de\/wp-json\/wp\/v2\/comments?post=3225"}],"version-history":[{"count":1,"href":"https:\/\/old.ideatec.be\/de\/wp-json\/wp\/v2\/pages\/3225\/revisions"}],"predecessor-version":[{"id":3972,"href":"https:\/\/old.ideatec.be\/de\/wp-json\/wp\/v2\/pages\/3225\/revisions\/3972"}],"wp:attachment":[{"href":"https:\/\/old.ideatec.be\/de\/wp-json\/wp\/v2\/media?parent=3225"}],"curies":[{"name":"wp","href":"https:\/\/api.w.org\/{rel}","templated":true}]}}