{"id":3274,"date":"2018-07-30T14:35:56","date_gmt":"2018-07-30T12:35:56","guid":{"rendered":"https:\/\/ideatec.weeb.agency\/quick-news\/"},"modified":"2018-07-30T14:35:56","modified_gmt":"2018-07-30T12:35:56","slug":"quick-news","status":"publish","type":"page","link":"https:\/\/old.ideatec.be\/de\/quick-news\/","title":{"rendered":"Quick News"},"content":{"rendered":"<section class=\"wpb-content-wrapper\"><p>[vc_row full_width=&#8220;stretch_row&#8220; full_height=&#8220;yes&#8220; columns_placement=&#8220;top&#8220; css=&#8220;.vc_custom_1533286912302{padding-top: 100px !important;padding-bottom: 100px !important;}&#8220;][vc_column]<div id=\"mpc_grid_posts_9269e2c2216b896\" class=\"mpc-grid-posts mpc-init mpc-init mpc-transition mpc-overlay--slide-up mpc-item--slide-down mpc-layout--style_6  \"  data-grid-cols=\"3\"><div class=\"mpc-grid-sizer\"><\/div><div onclick=\"\" class=\"mpc-post\"><div class=\"mpc-post__wrapper\"><div class=\"mpc-post__thumbnail\" data-mpc_src=\"https:\/\/old.ideatec.be\/wp-content\/uploads\/2018\/07\/OPENLINK-CREATOR-1024x1024.jpg\" data-mpc_link=\"https:\/\/old.ideatec.be\/de\/2018\/12\/04\/openlink-creator\/\"><div class=\"mpc-post__overlay mpc-transition\"><div class=\"mpc-post__content mpc-transition\"><span class=\"mpc-post__date mpc-date__wrapper mpc-typography--mpc_preset_38\"><a href=\"https:\/\/old.ideatec.be\/de\/2018\/12\/04\/\"><div class=\"mpc-date__days\">04<\/div><div class=\"mpc-date__month\">Dez.<\/div><\/a><\/span><div class=\"mpc-wrapper\"><h3 class=\"mpc-post__heading mpc-transition mpc-typography--mpc_preset_38 mpc-text-overflow\"><a href=\"https:\/\/old.ideatec.be\/de\/2018\/12\/04\/openlink-creator\/\" title=\"OPENLINK CREATOR\">OPENLINK CREATOR<\/a><\/h3><div class=\"mpc-post__meta mpc-transition mpc-typography--mpc_preset_38\"><span class=\"mpc-post__tax\">in <a href=\"https:\/\/old.ideatec.be\/de\/category\/blog-de\/\" rel=\"category tag\">Blog<\/a><\/span><\/div><div class=\"mpc-post__description mpc-typography--mpc_preset_38\">ERSTELLEN DER EIGENEN GRAFISCHEN OBERFL\u00c4CHE IM HANDUMDREHEN Integration aller VigiLink-Funktionen in Ihr Tablet, Smartphone und Bord-PC mit OpenLink Creator.<\/div><\/div><\/div><\/div><\/div><div class=\"mpc-post__content mpc-transition\"><div class=\"mpc-wrapper\"><span class=\"mpc-post__date mpc-date__wrapper mpc-typography--mpc_preset_38\"><a href=\"https:\/\/old.ideatec.be\/de\/2018\/12\/04\/\"><div class=\"mpc-date__days\">04<\/div><div class=\"mpc-date__month\">Dez.<\/div><\/a><\/span><\/div><h3 class=\"mpc-post__heading mpc-transition mpc-typography--mpc_preset_38 mpc-text-overflow\"><a href=\"https:\/\/old.ideatec.be\/de\/2018\/12\/04\/openlink-creator\/\" title=\"OPENLINK CREATOR\">OPENLINK CREATOR<\/a><\/h3><div class=\"mpc-post__meta mpc-transition mpc-typography--mpc_preset_38\"><span class=\"mpc-post__tax\">in <a href=\"https:\/\/old.ideatec.be\/de\/category\/blog-de\/\" rel=\"category tag\">Blog<\/a><\/span><\/div><\/div><\/div><\/div><div onclick=\"\" class=\"mpc-post\"><div class=\"mpc-post__wrapper\"><div class=\"mpc-post__thumbnail\" data-mpc_src=\"https:\/\/old.ideatec.be\/wp-content\/uploads\/2018\/07\/MFI.jpg\" data-mpc_link=\"https:\/\/old.ideatec.be\/de\/2018\/12\/04\/mfi\/\"><div class=\"mpc-post__overlay mpc-transition\"><div class=\"mpc-post__content mpc-transition\"><span class=\"mpc-post__date mpc-date__wrapper mpc-typography--mpc_preset_38\"><a href=\"https:\/\/old.ideatec.be\/de\/2018\/12\/04\/\"><div class=\"mpc-date__days\">04<\/div><div class=\"mpc-date__month\">Dez.<\/div><\/a><\/span><div class=\"mpc-wrapper\"><h3 class=\"mpc-post__heading mpc-transition mpc-typography--mpc_preset_38 mpc-text-overflow\"><a href=\"https:\/\/old.ideatec.be\/de\/2018\/12\/04\/mfi\/\" title=\"MFI\">MFI<\/a><\/h3><div class=\"mpc-post__meta mpc-transition mpc-typography--mpc_preset_38\"><span class=\"mpc-post__tax\">in <a href=\"https:\/\/old.ideatec.be\/de\/category\/blog-de\/\" rel=\"category tag\">Blog<\/a><\/span><\/div><div class=\"mpc-post__description mpc-typography--mpc_preset_38\">MEHRZWECK-SCHNITTSTELLE Dank der verschiedenen Arten von BUS-Anschl\u00fcssen k\u00f6nnen Sie mithilfe der GO-112 oder der VIGILINK-Bedienkonsole ihre verschiedenen speziellen Ger\u00e4te ganz nach Belieben steuern.<\/div><\/div><\/div><\/div><\/div><div class=\"mpc-post__content mpc-transition\"><div class=\"mpc-wrapper\"><span class=\"mpc-post__date mpc-date__wrapper mpc-typography--mpc_preset_38\"><a href=\"https:\/\/old.ideatec.be\/de\/2018\/12\/04\/\"><div class=\"mpc-date__days\">04<\/div><div class=\"mpc-date__month\">Dez.<\/div><\/a><\/span><\/div><h3 class=\"mpc-post__heading mpc-transition mpc-typography--mpc_preset_38 mpc-text-overflow\"><a href=\"https:\/\/old.ideatec.be\/de\/2018\/12\/04\/mfi\/\" title=\"MFI\">MFI<\/a><\/h3><div class=\"mpc-post__meta mpc-transition mpc-typography--mpc_preset_38\"><span class=\"mpc-post__tax\">in <a href=\"https:\/\/old.ideatec.be\/de\/category\/blog-de\/\" rel=\"category tag\">Blog<\/a><\/span><\/div><\/div><\/div><\/div><\/div><script type=\"text\/javascript\">var _mpc_grid_posts_9269e2c2216b896_atts = {\"preset\":\"mpc_preset_6\",\"cols\":\"3\",\"gap\":\"30\",\"order\":\"DESC\",\"items_number\":\"8\",\"layout\":\"style_6\",\"item_effect\":\"slide-down\",\"thumb_height\":\"300\",\"title_font_preset\":\"mpc_preset_38\",\"title_font_color\":\"#333333\",\"title_font_size\":\"14\",\"title_font_line_height\":\"1.5\",\"title_font_transform\":\"uppercase\",\"title_font_align\":\"left\",\"hover_title_color\":\"#3a8865\",\"meta_font_preset\":\"mpc_preset_38\",\"meta_font_color\":\"#888888\",\"meta_font_size\":\"12\",\"meta_font_line_height\":\"1.5\",\"meta_font_transform\":\"none\",\"meta_font_align\":\"left\",\"meta_link_color\":\"#888888\",\"hover_meta_link_color\":\"#3a8865\",\"date_font_preset\":\"mpc_preset_38\",\"date_font_color\":\"#888888\",\"date_font_size\":\"18\",\"date_font_line_height\":\"1.5\",\"date_font_align\":\"center\",\"date_padding_divider\":\"true\",\"date_padding_css\":\"padding-top:0px;padding-right:5px;\",\"description_font_preset\":\"mpc_preset_38\",\"description_font_color\":\"#888888\",\"description_font_size\":\"12\",\"description_font_line_height\":\"1.7\",\"description_font_align\":\"left\",\"background_color\":\"#ffffff\",\"border_divider\":\"true\",\"border_css\":\"border-top:0px;border-right:0px;border-bottom:0px;border-left:0px;border-style:solid;border-radius:10px;\",\"padding_divider\":\"true\",\"padding_css\":\"padding-top:15px;padding-right:40px;padding-bottom:15px;padding-left:40px;\",\"overlay_effect\":\"slide-up\",\"overlay_color\":\"rgba(255,255,255,0.85)\",\"overlay_title_align\":\"left\",\"overlay_hover_title_color\":\"#3a8865\",\"overlay_title_margin_divider\":\"true\",\"overlay_title_margin_css\":\"margin-top:20px;\",\"overlay_meta_align\":\"left\",\"overlay_meta_margin_divider\":\"true\",\"overlay_meta_margin_css\":\"margin-bottom:15px;\",\"overlay_date_padding_divider\":\"true\",\"overlay_date_padding_css\":\"padding-top:17px;\",\"overlay_description_align\":\"left\",\"overlay_description_color\":\"#888888\",\"lightbox_icon\":\"etl etl-camera\",\"lightbox_icon_color\":\"#666666\",\"lightbox_icon_size\":\"32\",\"readmore_icon\":\"etl etl-attachment\",\"readmore_icon_color\":\"#666666\",\"readmore_icon_size\":\"32\",\"mpc_button__disable\":\"true\",\"mpc_pagination__preset\":\"mpc_preset_8\"}, _mpc_grid_posts_9269e2c2216b896_query = {\"post_type\":\"post\",\"taxonomies\":\"\",\"ids\":\"\",\"order\":\"DESC\",\"include_exclude_type\":\"include\",\"orderby\":\"date\",\"items_number\":\"8\",\"target\":\"mpc_grid_posts_9269e2c2216b896\",\"callback\":\"MPC_Grid_Posts\"};<\/script>[\/vc_column][\/vc_row]<\/p>\n<\/section>","protected":false},"excerpt":{"rendered":"<p>[vc_row full_width=&#8220;stretch_row&#8220; full_height=&#8220;yes&#8220; columns_placement=&#8220;top&#8220; css=&#8220;.vc_custom_1533286912302{padding-top: 100px !important;padding-bottom: 100px !important;}&#8220;][vc_column][\/vc_column][\/vc_row]<\/p>\n","protected":false},"author":1,"featured_media":0,"parent":0,"menu_order":0,"comment_status":"closed","ping_status":"closed","template":"","meta":{"footnotes":""},"yoast_head":"<!-- This site is optimized with the Yoast SEO plugin v20.13 - https:\/\/yoast.com\/wordpress\/plugins\/seo\/ -->\n<title>Quick News - Ideatec<\/title>\n<meta name=\"robots\" content=\"noindex, follow, max-snippet:-1, max-image-preview:large, max-video-preview:-1\" \/>\n<meta property=\"og:locale\" content=\"de_DE\" \/>\n<meta property=\"og:type\" content=\"article\" \/>\n<meta property=\"og:title\" content=\"Quick News - Ideatec\" \/>\n<meta property=\"og:description\" content=\"[vc_row full_width=&#8220;stretch_row&#8220; full_height=&#8220;yes&#8220; columns_placement=&#8220;top&#8220; css=&#8220;.vc_custom_1533286912302{padding-top: 100px !important;padding-bottom: 100px !important;}&#8220;][vc_column][\/vc_column][\/vc_row]\" \/>\n<meta property=\"og:url\" content=\"https:\/\/old.ideatec.be\/quick-news\/\" \/>\n<meta property=\"og:site_name\" content=\"Ideatec\" \/>\n<meta name=\"twitter:card\" content=\"summary_large_image\" \/>\n<meta name=\"twitter:label1\" content=\"Gesch\u00e4tzte Lesezeit\" \/>\n\t<meta name=\"twitter:data1\" content=\"1\u00a0Minute\" \/>\n<script type=\"application\/ld+json\" class=\"yoast-schema-graph\">{\"@context\":\"https:\/\/schema.org\",\"@graph\":[{\"@type\":\"WebPage\",\"@id\":\"https:\/\/old.ideatec.be\/quick-news\/\",\"url\":\"https:\/\/old.ideatec.be\/quick-news\/\",\"name\":\"Quick News - Ideatec\",\"isPartOf\":{\"@id\":\"https:\/\/old.ideatec.be\/#website\"},\"datePublished\":\"2018-07-30T12:35:56+00:00\",\"dateModified\":\"2018-07-30T12:35:56+00:00\",\"breadcrumb\":{\"@id\":\"https:\/\/old.ideatec.be\/quick-news\/#breadcrumb\"},\"inLanguage\":\"de\",\"potentialAction\":[{\"@type\":\"ReadAction\",\"target\":[\"https:\/\/old.ideatec.be\/quick-news\/\"]}]},{\"@type\":\"BreadcrumbList\",\"@id\":\"https:\/\/old.ideatec.be\/quick-news\/#breadcrumb\",\"itemListElement\":[{\"@type\":\"ListItem\",\"position\":1,\"name\":\"Home\",\"item\":\"https:\/\/old.ideatec.be\/de\/\"},{\"@type\":\"ListItem\",\"position\":2,\"name\":\"Quick News\"}]},{\"@type\":\"WebSite\",\"@id\":\"https:\/\/old.ideatec.be\/#website\",\"url\":\"https:\/\/old.ideatec.be\/\",\"name\":\"Ideatec\",\"description\":\"Controllers made simple for you\",\"potentialAction\":[{\"@type\":\"SearchAction\",\"target\":{\"@type\":\"EntryPoint\",\"urlTemplate\":\"https:\/\/old.ideatec.be\/?s={search_term_string}\"},\"query-input\":\"required name=search_term_string\"}],\"inLanguage\":\"de\"}]}<\/script>\n<!-- \/ Yoast SEO plugin. -->","yoast_head_json":{"title":"Quick News - Ideatec","robots":{"index":"noindex","follow":"follow","max-snippet":"max-snippet:-1","max-image-preview":"max-image-preview:large","max-video-preview":"max-video-preview:-1"},"og_locale":"de_DE","og_type":"article","og_title":"Quick News - Ideatec","og_description":"[vc_row full_width=&#8220;stretch_row&#8220; full_height=&#8220;yes&#8220; columns_placement=&#8220;top&#8220; css=&#8220;.vc_custom_1533286912302{padding-top: 100px !important;padding-bottom: 100px !important;}&#8220;][vc_column][\/vc_column][\/vc_row]","og_url":"https:\/\/old.ideatec.be\/quick-news\/","og_site_name":"Ideatec","twitter_card":"summary_large_image","twitter_misc":{"Gesch\u00e4tzte Lesezeit":"1\u00a0Minute"},"schema":{"@context":"https:\/\/schema.org","@graph":[{"@type":"WebPage","@id":"https:\/\/old.ideatec.be\/quick-news\/","url":"https:\/\/old.ideatec.be\/quick-news\/","name":"Quick News - Ideatec","isPartOf":{"@id":"https:\/\/old.ideatec.be\/#website"},"datePublished":"2018-07-30T12:35:56+00:00","dateModified":"2018-07-30T12:35:56+00:00","breadcrumb":{"@id":"https:\/\/old.ideatec.be\/quick-news\/#breadcrumb"},"inLanguage":"de","potentialAction":[{"@type":"ReadAction","target":["https:\/\/old.ideatec.be\/quick-news\/"]}]},{"@type":"BreadcrumbList","@id":"https:\/\/old.ideatec.be\/quick-news\/#breadcrumb","itemListElement":[{"@type":"ListItem","position":1,"name":"Home","item":"https:\/\/old.ideatec.be\/de\/"},{"@type":"ListItem","position":2,"name":"Quick News"}]},{"@type":"WebSite","@id":"https:\/\/old.ideatec.be\/#website","url":"https:\/\/old.ideatec.be\/","name":"Ideatec","description":"Controllers made simple for you","potentialAction":[{"@type":"SearchAction","target":{"@type":"EntryPoint","urlTemplate":"https:\/\/old.ideatec.be\/?s={search_term_string}"},"query-input":"required name=search_term_string"}],"inLanguage":"de"}]}},"_links":{"self":[{"href":"https:\/\/old.ideatec.be\/de\/wp-json\/wp\/v2\/pages\/3274"}],"collection":[{"href":"https:\/\/old.ideatec.be\/de\/wp-json\/wp\/v2\/pages"}],"about":[{"href":"https:\/\/old.ideatec.be\/de\/wp-json\/wp\/v2\/types\/page"}],"author":[{"embeddable":true,"href":"https:\/\/old.ideatec.be\/de\/wp-json\/wp\/v2\/users\/1"}],"replies":[{"embeddable":true,"href":"https:\/\/old.ideatec.be\/de\/wp-json\/wp\/v2\/comments?post=3274"}],"version-history":[{"count":0,"href":"https:\/\/old.ideatec.be\/de\/wp-json\/wp\/v2\/pages\/3274\/revisions"}],"wp:attachment":[{"href":"https:\/\/old.ideatec.be\/de\/wp-json\/wp\/v2\/media?parent=3274"}],"curies":[{"name":"wp","href":"https:\/\/api.w.org\/{rel}","templated":true}]}}