{"id":3465,"date":"2018-07-30T01:14:03","date_gmt":"2018-07-29T23:14:03","guid":{"rendered":"https:\/\/ideatec.weeb.agency\/mentions-legales\/"},"modified":"2018-12-13T16:23:07","modified_gmt":"2018-12-13T15:23:07","slug":"mentions-legales","status":"publish","type":"page","link":"https:\/\/old.ideatec.be\/de\/mentions-legales\/","title":{"rendered":"Impressum"},"content":{"rendered":"<section class=\"wpb-content-wrapper\"><p>[vc_row][vc_column width=&#8220;1\/4&#8243;]<a href=\"\/de\/mentions-legales\/\" title=\"Link\"  data-id=\"mpc_button-1069e2ca7666001\" class=\"mpc-button mpc-init mpc-transition mpc-typography--mpc_preset_5 \" ><div class=\"mpc-button__content mpc-effect-type--stay mpc-effect-side--right\"><span class=\"mpc-button__title mpc-transition\">IMPRESSUM<\/span><i class=\"mpc-button__icon mpc-transition  fa fa-angle-right\"><\/i><\/div><div class=\"mpc-button__background mpc-transition mpc-effect-type--fade mpc-effect-side--in\"><\/div><\/a><a href=\"\/de\/politique-de-confidentialite\/\" title=\"Link\"  data-id=\"mpc_button-9569e2ca766604e\" class=\"mpc-button mpc-init mpc-transition mpc-typography--mpc_preset_5 \" ><div class=\"mpc-button__content mpc-effect-type--stay mpc-effect-side--right\"><span class=\"mpc-button__title mpc-transition\">DATENSCHUTZERKL\u00c4RUNG<\/span><i class=\"mpc-button__icon mpc-transition  fa fa-angle-right\"><\/i><\/div><div class=\"mpc-button__background mpc-transition mpc-effect-type--fade mpc-effect-side--in\"><\/div><\/a><a href=\"\/de\/conditions-generales-de-vente\/\" title=\"Link\"  data-id=\"mpc_button-2869e2ca7666088\" class=\"mpc-button mpc-init mpc-transition mpc-typography--mpc_preset_5 \" ><div class=\"mpc-button__content mpc-effect-type--stay mpc-effect-side--right\"><span class=\"mpc-button__title mpc-transition\">AGB<\/span><i class=\"mpc-button__icon mpc-transition  fa fa-angle-right\"><\/i><\/div><div class=\"mpc-button__background mpc-transition mpc-effect-type--fade mpc-effect-side--in\"><\/div><\/a>[\/vc_column][vc_column width=&#8220;3\/4&#8243;]<div id=\"mpc_accordion-4869e2ca76660d7\" class=\"mpc-accordion mpc-init mpc-transition mpc-accordion--indent mpc-accordion--indent \" ><ul class=\"mpc-accordion__content\"><li class=\"mpc-accordion__item \"><div class=\"mpc-accordion-item__heading mpc-transition mpc-active mpc-typography--mpc_preset_5\"><div data-id=\"mpc_icon-9169e2ca76660c9\" class=\"mpc-icon mpc-init mpc-transition mpc-effect-fade mpc-icon-hover \"><div class=\"mpc-icon-wrap\"><i class=\"mpc-icon-part mpc-regular mpc-transition  eti eti_arrow_carrot-right_alt2\"><\/i><i class=\"mpc-icon-part mpc-hover mpc-transition  eti eti_arrow_carrot-down_alt2\"><\/i><\/div><\/div><h3>1. Allgemeines<\/h3><\/div><div class=\"mpc-accordion-item__content mpc-container\"  data-active=\"true\"><div class=\"mpc-accordion-item__indent\"><div data-id=\"mpc_icon-9169e2ca76660c9\" class=\"mpc-icon mpc-init mpc-transition mpc-effect-fade mpc-icon-hover \"><div class=\"mpc-icon-wrap\"><i class=\"mpc-icon-part mpc-regular mpc-transition  eti eti_arrow_carrot-right_alt2\"><\/i><i class=\"mpc-icon-part mpc-hover mpc-transition  eti eti_arrow_carrot-down_alt2\"><\/i><\/div><\/div><\/div><div class=\"mpc-accordion-item__wrapper mpc-typography--mpc_preset_5\">[vc_column_text]Diese Website (www.ideatec.be) wird betreut von<br \/>\nIDEATEC S.A.<br \/>\nRue L\u00e9opold G\u00e9nicot 19A<br \/>\nB-5380 Fernelmont (Belgien)<br \/>\nTelefon: + 32 81 42 00 10<br \/>\nE-Mail: info@ideatec.be<br \/>\nUnternehmensnummer: 0460.041.405<br \/>\nUSt.-Nummer: BE 0460.041.405[\/vc_column_text]<\/div><\/div><\/li><li class=\"mpc-accordion__item \"><div class=\"mpc-accordion-item__heading mpc-transition mpc-typography--mpc_preset_5\"><div data-id=\"mpc_icon-9169e2ca76660c9\" class=\"mpc-icon mpc-init mpc-transition mpc-effect-fade mpc-icon-hover \"><div class=\"mpc-icon-wrap\"><i class=\"mpc-icon-part mpc-regular mpc-transition  eti eti_arrow_carrot-right_alt2\"><\/i><i class=\"mpc-icon-part mpc-hover mpc-transition  eti eti_arrow_carrot-down_alt2\"><\/i><\/div><\/div><h3>2. \u00c4nderung des Impressums<\/h3><\/div><div class=\"mpc-accordion-item__content mpc-container\" ><div class=\"mpc-accordion-item__indent\"><div data-id=\"mpc_icon-9169e2ca76660c9\" class=\"mpc-icon mpc-init mpc-transition mpc-effect-fade mpc-icon-hover \"><div class=\"mpc-icon-wrap\"><i class=\"mpc-icon-part mpc-regular mpc-transition  eti eti_arrow_carrot-right_alt2\"><\/i><i class=\"mpc-icon-part mpc-hover mpc-transition  eti eti_arrow_carrot-down_alt2\"><\/i><\/div><\/div><\/div><div class=\"mpc-accordion-item__wrapper mpc-typography--mpc_preset_5\">[vc_column_text]IDEATEC S.A. (im Folgenden bezeichnet als IDEATEC) kann dieses Impressum jederzeit \u00e4ndern. Solche \u00c4nderungen werden ausschlie\u00dflich Online gestellt und gelten mit sofortiger Wirkung. Mit der Navigation auf dieser Website gilt das Impressum als vorbehaltlos angenommen. IDEATEC empfiehlt, diese Seite regelm\u00e4\u00dfig zu besuchen.[\/vc_column_text]<\/div><\/div><\/li><li class=\"mpc-accordion__item \"><div class=\"mpc-accordion-item__heading mpc-transition mpc-typography--mpc_preset_5\"><div data-id=\"mpc_icon-9169e2ca76660c9\" class=\"mpc-icon mpc-init mpc-transition mpc-effect-fade mpc-icon-hover \"><div class=\"mpc-icon-wrap\"><i class=\"mpc-icon-part mpc-regular mpc-transition  eti eti_arrow_carrot-right_alt2\"><\/i><i class=\"mpc-icon-part mpc-hover mpc-transition  eti eti_arrow_carrot-down_alt2\"><\/i><\/div><\/div><h3>3. Urheberrechte<\/h3><\/div><div class=\"mpc-accordion-item__content mpc-container\" ><div class=\"mpc-accordion-item__indent\"><div data-id=\"mpc_icon-9169e2ca76660c9\" class=\"mpc-icon mpc-init mpc-transition mpc-effect-fade mpc-icon-hover \"><div class=\"mpc-icon-wrap\"><i class=\"mpc-icon-part mpc-regular mpc-transition  eti eti_arrow_carrot-right_alt2\"><\/i><i class=\"mpc-icon-part mpc-hover mpc-transition  eti eti_arrow_carrot-down_alt2\"><\/i><\/div><\/div><\/div><div class=\"mpc-accordion-item__wrapper mpc-typography--mpc_preset_5\">[vc_column_text]Texte, Zeichnungen, Fotos, Filme, Bilder, Daten, Software, Namen, Domainnamen, Logos und sonstige Daten auf dieser Website sind urheberrechtlich gesch\u00fctzt und Eigentum von IDEATEC oder von Dritten. Wenn nicht vorab schriftlich von IDEATEC genehmigt sind Abspeicherung (ausgenommen von f\u00fcr den Besuch dieser Webseite erforderlichen), Vervielf\u00e4ltigung, \u00c4nderung, Verbreitung, Weitergabe oder Versand, Verkauf, Vermietung von Informationen oder Nutzungsrechten an einen Dritten mit jeglichen Mitteln verboten.[\/vc_column_text]<\/div><\/div><\/li><\/ul><\/div>[\/vc_column][\/vc_row]<\/p>\n<\/section>","protected":false},"excerpt":{"rendered":"<p>[vc_row][vc_column width=&#8220;1\/4&#8243;][\/vc_column][vc_column width=&#8220;3\/4&#8243;][\/vc_column][\/vc_row]<\/p>\n","protected":false},"author":1,"featured_media":0,"parent":0,"menu_order":0,"comment_status":"closed","ping_status":"open","template":"","meta":{"footnotes":""},"yoast_head":"<!-- This site is optimized with the Yoast SEO plugin v20.13 - https:\/\/yoast.com\/wordpress\/plugins\/seo\/ -->\n<title>Impressum - Ideatec<\/title>\n<meta name=\"robots\" content=\"noindex, follow, max-snippet:-1, max-image-preview:large, max-video-preview:-1\" \/>\n<meta property=\"og:locale\" content=\"de_DE\" \/>\n<meta property=\"og:type\" content=\"article\" \/>\n<meta property=\"og:title\" content=\"Impressum - Ideatec\" \/>\n<meta property=\"og:description\" content=\"[vc_row][vc_column width=&#8220;1\/4&#8243;][\/vc_column][vc_column width=&#8220;3\/4&#8243;][\/vc_column][\/vc_row]\" \/>\n<meta property=\"og:url\" content=\"https:\/\/old.ideatec.be\/mentions-legales\/\" \/>\n<meta property=\"og:site_name\" content=\"Ideatec\" \/>\n<meta property=\"article:modified_time\" content=\"2018-12-13T15:23:07+00:00\" \/>\n<meta name=\"twitter:card\" content=\"summary_large_image\" \/>\n<meta name=\"twitter:label1\" content=\"Gesch\u00e4tzte Lesezeit\" \/>\n\t<meta name=\"twitter:data1\" content=\"3\u00a0Minuten\" \/>\n<script type=\"application\/ld+json\" class=\"yoast-schema-graph\">{\"@context\":\"https:\/\/schema.org\",\"@graph\":[{\"@type\":\"WebPage\",\"@id\":\"https:\/\/old.ideatec.be\/mentions-legales\/\",\"url\":\"https:\/\/old.ideatec.be\/mentions-legales\/\",\"name\":\"Impressum - Ideatec\",\"isPartOf\":{\"@id\":\"https:\/\/old.ideatec.be\/#website\"},\"datePublished\":\"2018-07-29T23:14:03+00:00\",\"dateModified\":\"2018-12-13T15:23:07+00:00\",\"breadcrumb\":{\"@id\":\"https:\/\/old.ideatec.be\/mentions-legales\/#breadcrumb\"},\"inLanguage\":\"de\",\"potentialAction\":[{\"@type\":\"ReadAction\",\"target\":[\"https:\/\/old.ideatec.be\/mentions-legales\/\"]}]},{\"@type\":\"BreadcrumbList\",\"@id\":\"https:\/\/old.ideatec.be\/mentions-legales\/#breadcrumb\",\"itemListElement\":[{\"@type\":\"ListItem\",\"position\":1,\"name\":\"Home\",\"item\":\"https:\/\/old.ideatec.be\/de\/\"},{\"@type\":\"ListItem\",\"position\":2,\"name\":\"Impressum\"}]},{\"@type\":\"WebSite\",\"@id\":\"https:\/\/old.ideatec.be\/#website\",\"url\":\"https:\/\/old.ideatec.be\/\",\"name\":\"Ideatec\",\"description\":\"Controllers made simple for you\",\"potentialAction\":[{\"@type\":\"SearchAction\",\"target\":{\"@type\":\"EntryPoint\",\"urlTemplate\":\"https:\/\/old.ideatec.be\/?s={search_term_string}\"},\"query-input\":\"required name=search_term_string\"}],\"inLanguage\":\"de\"}]}<\/script>\n<!-- \/ Yoast SEO plugin. -->","yoast_head_json":{"title":"Impressum - Ideatec","robots":{"index":"noindex","follow":"follow","max-snippet":"max-snippet:-1","max-image-preview":"max-image-preview:large","max-video-preview":"max-video-preview:-1"},"og_locale":"de_DE","og_type":"article","og_title":"Impressum - Ideatec","og_description":"[vc_row][vc_column width=&#8220;1\/4&#8243;][\/vc_column][vc_column width=&#8220;3\/4&#8243;][\/vc_column][\/vc_row]","og_url":"https:\/\/old.ideatec.be\/mentions-legales\/","og_site_name":"Ideatec","article_modified_time":"2018-12-13T15:23:07+00:00","twitter_card":"summary_large_image","twitter_misc":{"Gesch\u00e4tzte Lesezeit":"3\u00a0Minuten"},"schema":{"@context":"https:\/\/schema.org","@graph":[{"@type":"WebPage","@id":"https:\/\/old.ideatec.be\/mentions-legales\/","url":"https:\/\/old.ideatec.be\/mentions-legales\/","name":"Impressum - Ideatec","isPartOf":{"@id":"https:\/\/old.ideatec.be\/#website"},"datePublished":"2018-07-29T23:14:03+00:00","dateModified":"2018-12-13T15:23:07+00:00","breadcrumb":{"@id":"https:\/\/old.ideatec.be\/mentions-legales\/#breadcrumb"},"inLanguage":"de","potentialAction":[{"@type":"ReadAction","target":["https:\/\/old.ideatec.be\/mentions-legales\/"]}]},{"@type":"BreadcrumbList","@id":"https:\/\/old.ideatec.be\/mentions-legales\/#breadcrumb","itemListElement":[{"@type":"ListItem","position":1,"name":"Home","item":"https:\/\/old.ideatec.be\/de\/"},{"@type":"ListItem","position":2,"name":"Impressum"}]},{"@type":"WebSite","@id":"https:\/\/old.ideatec.be\/#website","url":"https:\/\/old.ideatec.be\/","name":"Ideatec","description":"Controllers made simple for you","potentialAction":[{"@type":"SearchAction","target":{"@type":"EntryPoint","urlTemplate":"https:\/\/old.ideatec.be\/?s={search_term_string}"},"query-input":"required name=search_term_string"}],"inLanguage":"de"}]}},"_links":{"self":[{"href":"https:\/\/old.ideatec.be\/de\/wp-json\/wp\/v2\/pages\/3465"}],"collection":[{"href":"https:\/\/old.ideatec.be\/de\/wp-json\/wp\/v2\/pages"}],"about":[{"href":"https:\/\/old.ideatec.be\/de\/wp-json\/wp\/v2\/types\/page"}],"author":[{"embeddable":true,"href":"https:\/\/old.ideatec.be\/de\/wp-json\/wp\/v2\/users\/1"}],"replies":[{"embeddable":true,"href":"https:\/\/old.ideatec.be\/de\/wp-json\/wp\/v2\/comments?post=3465"}],"version-history":[{"count":1,"href":"https:\/\/old.ideatec.be\/de\/wp-json\/wp\/v2\/pages\/3465\/revisions"}],"predecessor-version":[{"id":3684,"href":"https:\/\/old.ideatec.be\/de\/wp-json\/wp\/v2\/pages\/3465\/revisions\/3684"}],"wp:attachment":[{"href":"https:\/\/old.ideatec.be\/de\/wp-json\/wp\/v2\/media?parent=3465"}],"curies":[{"name":"wp","href":"https:\/\/api.w.org\/{rel}","templated":true}]}}